{"id":75,"date":"2023-12-09T12:54:30","date_gmt":"2023-12-09T12:54:30","guid":{"rendered":"https:\/\/flensburg.fau.org\/?page_id=75"},"modified":"2026-01-01T18:15:31","modified_gmt":"2026-01-01T18:15:31","slug":"mitglied-werden","status":"publish","type":"page","link":"https:\/\/flensburg.fau.org\/?page_id=75","title":{"rendered":"Mitglied werden"},"content":{"rendered":"\r\n<div class=\"wp-block-group\">\r\n<div class=\"wp-block-group\">\r\n<p>Sch\u00f6n, das du dich f\u00fcr eine Mitgliedschaft in der FAU Flensburg interessierst.<\/p>\r\n<p>Deine Vorteile als Mitglied sind:<\/p>\r\n<ul>\r\n<li><strong>Die k\u00e4mpferische Gewerkschaft an deiner Seite<\/strong><br \/>Bei uns bestimmst du, wann und wie du dich f\u00fcr Verbesserungen einsetzt und du kannst dir sicher sein das die FAU an deiner Seite steht!<\/li>\r\n<li><strong>Bildung<\/strong><br \/>In Schulungen vermitteln wir konkrete Inhalte f\u00fcr die Anforderungen in deinem Arbeitsalltag.<\/li>\r\n<li><strong>Vernetzung<\/strong><br \/>Wir sind bundesweit in der FAU vernetzt und in der Internationalen Konf\u00f6deration der Arbeit (ICL*CIT).<\/li>\r\n<li><strong>Mehr als nur Gewerkschaft<\/strong><br \/>Wir als FAU setzen uns auch jenseits der Arbeit f\u00fcr ein gutes Leben f\u00fcr Alle ein und leben die gegenseitige Hilfe.<\/li>\r\n<li><strong>Selbst wirksam werden<\/strong><br \/>Wir freuen uns \u00fcber Mitglieder die sich einbringen wollen.<br \/>F\u00fclle unsere Strukturen mit Inhalt und Leben &#8211; Mach die FAU zu deiner Gewerkschaft!<\/li>\r\n<\/ul>\r\n<p>Unser Mitgliedsbeitrag ist 1 % vom Netto Monatslohn, mindestens aber 5,- \u20ac pro Monat.<\/p>\r\n<p>Eine Mitgliedschaft f\u00fcr Arbeitgeber*innen, f\u00fcr Menschen die \u00fcber Einstellungen und Entlassungen entscheiden und f\u00fcr Ausf\u00fchrende der staatlichen Repressionsorgane ist nicht m\u00f6glich.<\/p>\r\n<p>Alle anderen k\u00f6nnen einfach das Mitgliedsformular ausf\u00fcllen. Wir melden uns dann bei dir.<\/p>\r\n<h5>Mitgliedsantrag Algemeinenes Syndikat Flensburg \/ FAU Nordk\u00fcste<\/h5>\r\n<style id=\"wpforms-css-vars-415\">\n\t\t\t\t#wpforms-415 {\n\t\t\t\t--wpforms-field-border-color: rgba(0, 0, 0, 0.25);\n--wpforms-field-border-color-spare: rgba(0, 0, 0, 0.25);\n--wpforms-field-text-color: rgba(0, 0, 0, 0.7);\n--wpforms-label-color: rgba(0, 0, 0, 0.85);\n--wpforms-label-sublabel-color: rgba(0, 0, 0, 0.55);\n--wpforms-button-border-style: solid;\n--wpforms-container-padding: 0px;\n--wpforms-container-border-width: 1px;\n--wpforms-container-border-radius: 3px;\n--wpforms-background-color: rgba(0, 0, 0, 0);\n--wpforms-field-size-input-height: 43px;\n--wpforms-field-size-input-spacing: 15px;\n--wpforms-field-size-font-size: 16px;\n--wpforms-field-size-line-height: 19px;\n--wpforms-field-size-padding-h: 14px;\n--wpforms-field-size-checkbox-size: 16px;\n--wpforms-field-size-sublabel-spacing: 5px;\n--wpforms-field-size-icon-size: 1;\n--wpforms-label-size-font-size: 14px;\n--wpforms-label-size-line-height: 17px;\n--wpforms-label-size-sublabel-font-size: 13px;\n--wpforms-label-size-sublabel-line-height: 16px;\n--wpforms-button-size-font-size: 17px;\n--wpforms-button-size-height: 41px;\n--wpforms-button-size-padding-h: 15px;\n--wpforms-button-size-margin-top: 10px;\n--wpforms-container-shadow-size-box-shadow: none;\n\t\t\t}\n\t\t\t<\/style><div class=\"wpforms-container wpforms-container-full wpforms-render-modern\" id=\"wpforms-415\"><form id=\"wpforms-form-415\" class=\"wpforms-validate wpforms-form wpforms-ajax-form\" data-formid=\"415\" method=\"post\" enctype=\"multipart\/form-data\" action=\"\/index.php?rest_route=%2Fwp%2Fv2%2Fpages%2F75\" data-token=\"f121d58cc87ede7e734f5a00368484e5\" data-token-time=\"1776416066\"><noscript class=\"wpforms-error-noscript\">Bitte aktiviere JavaScript in deinem Browser, um dieses Formular fertigzustellen.<\/noscript><div id=\"wpforms-error-noscript\" style=\"display: none;\">Bitte aktiviere JavaScript in deinem Browser, um dieses Formular fertigzustellen.<\/div><div class=\"wpforms-field-container\"><div id=\"wpforms-415-field_1-container\" class=\"wpforms-field wpforms-field-name\" data-field-id=\"1\"><label class=\"wpforms-field-label\" for=\"wpforms-415-field_1\">Name <span class=\"wpforms-required-label\" aria-hidden=\"true\">*<\/span><\/label><input type=\"text\" id=\"wpforms-415-field_1\" class=\"wpforms-field-medium wpforms-field-required\" name=\"wpforms[fields][1]\" aria-errormessage=\"wpforms-415-field_1-error\" aria-describedby=\"wpforms-415-field_1-description\" required><div id=\"wpforms-415-field_1-description\" class=\"wpforms-field-description\">Uns interessiert nur wie du genannt werden m\u00f6chtest.<\/div><\/div>\t\t<div id=\"wpforms-415-field_4-container\"\n\t\t\tclass=\"wpforms-field wpforms-field-text\"\n\t\t\tdata-field-type=\"text\"\n\t\t\tdata-field-id=\"4\"\n\t\t\t>\n\t\t\t<label class=\"wpforms-field-label\" for=\"wpforms-415-field_4\" >In FAU einbringen<\/label>\n\t\t\t<input type=\"text\" id=\"wpforms-415-field_4\" class=\"wpforms-field-medium\" name=\"wpforms[fields][4]\" >\n\t\t<\/div>\n\t\t<div id=\"wpforms-415-field_2-container\" class=\"wpforms-field wpforms-field-email\" data-field-id=\"2\"><label class=\"wpforms-field-label\" for=\"wpforms-415-field_2\">E-Mail-Adresse <span class=\"wpforms-required-label\" aria-hidden=\"true\">*<\/span><\/label><input type=\"email\" id=\"wpforms-415-field_2\" class=\"wpforms-field-medium wpforms-field-required\" name=\"wpforms[fields][2]\" spellcheck=\"false\" aria-errormessage=\"wpforms-415-field_2-error\" aria-describedby=\"wpforms-415-field_2-description\" required><div id=\"wpforms-415-field_2-description\" class=\"wpforms-field-description\">Wir brauchen eine Kontaktm\u00f6glichkeit.<\/div><\/div><div id=\"wpforms-415-field_3-container\" class=\"wpforms-field wpforms-field-text\" data-field-id=\"3\"><label class=\"wpforms-field-label\" for=\"wpforms-415-field_3\">In welcher Branche bist du t\u00e4tig?<\/label><input type=\"text\" id=\"wpforms-415-field_3\" class=\"wpforms-field-medium\" name=\"wpforms[fields][3]\" aria-errormessage=\"wpforms-415-field_3-error\" ><\/div><div id=\"wpforms-415-field_6-container\" class=\"wpforms-field wpforms-field-text\" data-field-id=\"6\"><label class=\"wpforms-field-label\" for=\"wpforms-415-field_6\">Beruf \/ Aktuelle T\u00e4tigkeit:<\/label><input type=\"text\" id=\"wpforms-415-field_6\" class=\"wpforms-field-medium\" name=\"wpforms[fields][6]\" aria-errormessage=\"wpforms-415-field_6-error\" ><\/div><div id=\"wpforms-415-field_7-container\" class=\"wpforms-field wpforms-field-text\" data-field-id=\"7\"><label class=\"wpforms-field-label\" for=\"wpforms-415-field_7\">Arbeitgeber:<\/label><input type=\"text\" id=\"wpforms-415-field_7\" class=\"wpforms-field-medium\" name=\"wpforms[fields][7]\" aria-errormessage=\"wpforms-415-field_7-error\" ><\/div><div id=\"wpforms-415-field_8-container\" class=\"wpforms-field wpforms-field-text\" data-field-id=\"8\"><label class=\"wpforms-field-label\" for=\"wpforms-415-field_8\">Adresse \/ Wohnort<\/label><input type=\"text\" id=\"wpforms-415-field_8\" class=\"wpforms-field-medium\" name=\"wpforms[fields][8]\" aria-errormessage=\"wpforms-415-field_8-error\" ><\/div><div id=\"wpforms-415-field_9-container\" class=\"wpforms-field wpforms-field-text\" data-field-id=\"9\"><label class=\"wpforms-field-label\" for=\"wpforms-415-field_9\">Vermieter:<\/label><input type=\"text\" id=\"wpforms-415-field_9\" class=\"wpforms-field-medium\" name=\"wpforms[fields][9]\" aria-errormessage=\"wpforms-415-field_9-error\" ><\/div><div id=\"wpforms-415-field_11-container\" class=\"wpforms-field wpforms-field-textarea\" data-field-id=\"11\"><label class=\"wpforms-field-label\" for=\"wpforms-415-field_11\">Fertigkeiten die du in die FAU einbringen m\u00f6chtest<\/label><textarea id=\"wpforms-415-field_11\" class=\"wpforms-field-medium\" name=\"wpforms[fields][11]\" aria-errormessage=\"wpforms-415-field_11-error\" ><\/textarea><\/div><div id=\"wpforms-415-field_10-container\" class=\"wpforms-field wpforms-field-text\" data-field-id=\"10\"><label class=\"wpforms-field-label\" for=\"wpforms-415-field_10\">Telefon<\/label><input type=\"text\" id=\"wpforms-415-field_10\" class=\"wpforms-field-medium\" name=\"wpforms[fields][10]\" aria-errormessage=\"wpforms-415-field_10-error\" ><\/div><div id=\"wpforms-415-field_16-container\" class=\"wpforms-field wpforms-field-checkbox\" data-field-id=\"16\"><fieldset><legend class=\"wpforms-field-label\">Ich m\u00f6chte:<\/legend><ul id=\"wpforms-415-field_16\"><li class=\"choice-1 depth-1\"><input type=\"checkbox\" id=\"wpforms-415-field_16_1\" name=\"wpforms[fields][16][]\" value=\"der FAU Flensburg Signal Gruppe beitreten\" aria-errormessage=\"wpforms-415-field_16_1-error\"  ><label class=\"wpforms-field-label-inline\" for=\"wpforms-415-field_16_1\">der FAU Flensburg Signal Gruppe beitreten<\/label><\/li><li class=\"choice-4 depth-1\"><input type=\"checkbox\" id=\"wpforms-415-field_16_4\" name=\"wpforms[fields][16][]\" value=\"Info Mails bekommen\" aria-errormessage=\"wpforms-415-field_16_4-error\"  ><label class=\"wpforms-field-label-inline\" for=\"wpforms-415-field_16_4\">Info Mails bekommen<\/label><\/li><\/ul><\/fieldset><\/div><div id=\"wpforms-415-field_17-container\" class=\"wpforms-field wpforms-field-checkbox\" data-field-id=\"17\"><fieldset><legend class=\"wpforms-field-label\">Beachte bitte unsere Datenschutzerkl\u00e4rung <span class=\"wpforms-required-label\" aria-hidden=\"true\">*<\/span><\/legend><ul id=\"wpforms-415-field_17\" class=\"wpforms-field-required\"><li class=\"choice-2 depth-1\"><input type=\"checkbox\" id=\"wpforms-415-field_17_2\" name=\"wpforms[fields][17][]\" value=\"Datenschutzrichtlinie der FAU Flensburg: https:\/\/flensburg.fau.org\/?page_id=88\" aria-errormessage=\"wpforms-415-field_17_2-error\" required ><label class=\"wpforms-field-label-inline\" for=\"wpforms-415-field_17_2\">Datenschutzrichtlinie der FAU Flensburg: https:\/\/flensburg.fau.org\/?page_id=88<\/label><\/li><\/ul><\/fieldset><\/div><div id=\"wpforms-415-field_19-container\" class=\"wpforms-field wpforms-field-checkbox\" data-field-id=\"19\"><fieldset><legend class=\"wpforms-field-label\">Mit der Mitgliedschaft akzeptiere ich die Prinzipien der FAU <span class=\"wpforms-required-label\" aria-hidden=\"true\">*<\/span><\/legend><ul id=\"wpforms-415-field_19\" class=\"wpforms-field-required\"><li class=\"choice-1 depth-1\"><input type=\"checkbox\" id=\"wpforms-415-field_19_1\" name=\"wpforms[fields][19][]\" value=\"Prinzipien der FAU: https:\/\/flensburg.fau.org\/?page_id=25\" aria-errormessage=\"wpforms-415-field_19_1-error\" required ><label class=\"wpforms-field-label-inline\" for=\"wpforms-415-field_19_1\">Prinzipien der FAU: https:\/\/flensburg.fau.org\/?page_id=25<\/label><\/li><\/ul><\/fieldset><\/div><script>\n\t\t\t\t( function() {\n\t\t\t\t\tconst style = document.createElement( 'style' );\n\t\t\t\t\tstyle.appendChild( document.createTextNode( '#wpforms-415-field_4-container { position: absolute !important; overflow: hidden !important; display: inline !important; height: 1px !important; width: 1px !important; z-index: -1000 !important; padding: 0 !important; } #wpforms-415-field_4-container input { visibility: hidden; } #wpforms-conversational-form-page #wpforms-415-field_4-container label { counter-increment: none; }' ) );\n\t\t\t\t\tdocument.head.appendChild( style );\n\t\t\t\t\tdocument.currentScript?.remove();\n\t\t\t\t} )();\n\t\t\t<\/script><\/div><!-- .wpforms-field-container --><div class=\"wpforms-submit-container\" ><input type=\"hidden\" name=\"wpforms[id]\" value=\"415\"><input type=\"hidden\" name=\"page_title\" value=\"\"><input type=\"hidden\" name=\"page_url\" value=\"https:\/\/flensburg.fau.org\/index.php?rest_route=\/wp\/v2\/pages\/75\"><input type=\"hidden\" name=\"url_referer\" value=\"\"><button type=\"submit\" name=\"wpforms[submit]\" id=\"wpforms-submit-415\" class=\"wpforms-submit\" data-alt-text=\"Wird gesendet\u00a0\u2026\" data-submit-text=\"Absenden\" aria-live=\"assertive\" value=\"wpforms-submit\">Absenden<\/button><img loading=\"lazy\" decoding=\"async\" src=\"https:\/\/flensburg.fau.org\/wp-content\/plugins\/wpforms-lite\/assets\/images\/submit-spin.svg\" class=\"wpforms-submit-spinner\" style=\"display: none;\" width=\"26\" height=\"26\" alt=\"Wird geladen\"><\/div><\/form><\/div>  <!-- .wpforms-container -->\r\n<\/div>\r\n<!-- \/wp:post-content --><\/div>\r\n<!-- \/wp:group -->\r\n\r\n<!-- wp:paragraph -->\r\n<p>&nbsp;<\/p>\r\n<!-- \/wp:paragraph -->","protected":false},"excerpt":{"rendered":"<p>Sch\u00f6n, das du dich f\u00fcr eine Mitgliedschaft in der FAU Flensburg interessierst. Deine Vorteile als Mitglied sind: Die k\u00e4mpferische Gewerkschaft<\/p>\n","protected":false},"author":1,"featured_media":0,"parent":0,"menu_order":0,"comment_status":"closed","ping_status":"closed","template":"","meta":{"footnotes":""},"class_list":["post-75","page","type-page","status-publish","hentry"],"_links":{"self":[{"href":"https:\/\/flensburg.fau.org\/index.php?rest_route=\/wp\/v2\/pages\/75","targetHints":{"allow":["GET"]}}],"collection":[{"href":"https:\/\/flensburg.fau.org\/index.php?rest_route=\/wp\/v2\/pages"}],"about":[{"href":"https:\/\/flensburg.fau.org\/index.php?rest_route=\/wp\/v2\/types\/page"}],"author":[{"embeddable":true,"href":"https:\/\/flensburg.fau.org\/index.php?rest_route=\/wp\/v2\/users\/1"}],"replies":[{"embeddable":true,"href":"https:\/\/flensburg.fau.org\/index.php?rest_route=%2Fwp%2Fv2%2Fcomments&post=75"}],"version-history":[{"count":4,"href":"https:\/\/flensburg.fau.org\/index.php?rest_route=\/wp\/v2\/pages\/75\/revisions"}],"predecessor-version":[{"id":452,"href":"https:\/\/flensburg.fau.org\/index.php?rest_route=\/wp\/v2\/pages\/75\/revisions\/452"}],"wp:attachment":[{"href":"https:\/\/flensburg.fau.org\/index.php?rest_route=%2Fwp%2Fv2%2Fmedia&parent=75"}],"curies":[{"name":"wp","href":"https:\/\/api.w.org\/{rel}","templated":true}]}}