{"id":22,"date":"2023-12-08T16:16:22","date_gmt":"2023-12-08T16:16:22","guid":{"rendered":"https:\/\/flensburg.fau.org\/?page_id=22"},"modified":"2023-12-08T16:16:22","modified_gmt":"2023-12-08T16:16:22","slug":"ueber-uns","status":"publish","type":"page","link":"https:\/\/flensburg.fau.org\/?page_id=22","title":{"rendered":"\u00dcber uns"},"content":{"rendered":"\n<h2 class=\"wp-block-heading\">Wer wir sind und warum wir tun, was wir tun<\/h2>\n\n\n\n<p>Viele von uns haben Erfahrungen mit schlechten Arbeitsbedingungen. Viele von uns werden von unseren Chef_innen beschissen. Dazu sind sie umso mehr in der Lage, wenn wir uns nicht mit unseren Rechten am Arbeitsplatz auskennen. Wir haben uns in der FAU organisiert, um uns zu wehren. In der FAU k\u00e4mpfen wir gemeinsam f\u00fcr bessere Arbeitsbedingungen, und wir bilden uns gemeinsam weiter \u00fcber unsere&nbsp;Rechte und Aktionsm\u00f6glichkeiten.<\/p>\n\n\n\n<p>Wir kommen aus unterschiedlichen Branchen und verschiedenen L\u00e4ndern. Unsere Erfahrungen sind also sehr vielf\u00e4ltig. Das gibt uns eine Vielzahl an Fertigkeiten und Ressourcen. Manche von uns sind jahrelang in gewerkschaftlichen K\u00e4mpfen aktiv gewesen, andere sind neu dabei und bringen so neue Perspektiven und Ideen ein. Unsere Vielfalt macht uns stark.<\/p>\n\n\n\n<p>Wir arbeiten auf mehreren Ebenen: Wir bieten individuelle, praktische Unterst\u00fctzung und Beratung bei kleineren Problemen an, beispielsweise bei der Eintreibung von Lohn- und Urlaubsentgelt. Wir arbeiten langfristig an kollektiven Solidarit\u00e4tskampagnen. Wir helfen unseren Mitgliedern, sich in den Betrieben zu organisieren und f\u00fcr bessere Bedingungen zu k\u00e4mpfen. Unsere Mitglieder sind direkt an diesen Aktivit\u00e4ten beteiligt. Auch du kannst mitmachen!<\/p>\n\n\n\n<p>Die FAU ist eine k\u00e4mpferische Gewerkschaft. Das ist das Grundprinzip bei allem, was wir tun. Wir sind \u00fcberzeugt: Wenn wir Arbeiter_innen uns zusammenschlie\u00dfen,&nbsp;k\u00f6nnen wir selbst am besten unser Leben ver\u00e4ndern. Lasst uns die Macht vom kapitalistischen System und der t\u00e4glichen Arbeit, die so allgegenw\u00e4rtig unser&nbsp;Leben bestimmen, zur\u00fcckgewinnen!<\/p>\n\n\n\n<h2 class=\"wp-block-heading\">Kurze Geschichte der FAU<\/h2>\n\n\n\n<p>Die FAU war urspr\u00fcnglich eine Neugr\u00fcndung der 1933 im Zuge des Machtantrittes der Nazis aufgel\u00f6sten FAUD, der damals gr\u00f6\u00dften anarchosyndikalistischen Gewerkschaft in Deutschland. Die FAUD z\u00e4hlte in ihrer Hochphase ca. 150.000 Mitglieder. Seit der Gr\u00fcndung 1977 hat sich die FAU immer weiter entwickelt. Wir sind eine dynamische, radikale Gewerkschaft \u2013 wir k\u00f6nnen uns schnell anpassen und auf Ver\u00e4nderungen in der Arbeitswelt mit neuen Aktionsformen reagieren.<\/p>\n\n\n\n<h2 class=\"wp-block-heading\">Die heutige Welt<\/h2>\n\n\n\n<p>Arbeitsbedingungen \u00e4ndern sich st\u00e4ndig, immer zugunsten der Bosse und ihrer Profite, und meist zum Nachteil der Arbeitenden. Die Bosse finden neue Wege, um die Rechte zu umgehen, die Arbeiter_innen auf der ganzen Welt erk\u00e4mpft haben.&nbsp;Hinter Schlagw\u00f6rtern wie \u201eFlexibilit\u00e4t\u201d und Phrasen wie \u201eSei dein eigener Chef\u201d&nbsp;stecken am Ende oft unbezahlte \u00dcberstunden, kein bezahlter Urlaub und keine&nbsp;Krankenversicherung.<\/p>\n\n\n\n<p>Sozialleistungen, Renten, Krankenpflege und L\u00f6hne werden gek\u00fcrzt, Krankenversicherung, Steuern und Mieten werden teurer \u2013 gerade f\u00fcr die, die am wenigsten&nbsp;Mittel haben und die Leistungen am meisten brauchen. Es wird von uns erwartet, dass wir l\u00e4nger und f\u00fcr weniger Lohn arbeiten sollen, unter unsicheren Bedingungen. Und wir sollen dankbar sein, dass wir \u00fcberhaupt eine M\u00f6glichkeit haben, unsere Arbeit f\u00fcr irgendeinen Lohn zu verkaufen.<\/p>\n\n\n\n<p>Wir werden dazu gebracht, unsere Kolleg_innen beim Chef zu verpetzen. Wenn wir sehen, wie andere leiden, sollen wir ihnen selbst, ihrem Lebensstil, ihren falschen Priorit\u00e4ten, ihrer Faulheit oder Schw\u00e4che, die Schuld daf\u00fcr geben.<\/p>\n\n\n\n<p>Wir werden davon abgehalten, die gr\u00f6\u00dfere Perspektive zu sehen: Wie die Art und Weise, in der die Gesellschaft organisiert ist, die M\u00f6glichkeiten und Entscheidungen eines Menschen beeinflusst. Die Notlagen der Anderen sollen uns egal sein.<\/p>\n\n\n\n<p>Die FAU bietet einen Ort, an dem wir Arbeiter_innen zusammenkommen k\u00f6nnen. An dem wir lernen k\u00f6nnen, die Probleme an unseren Arbeitspl\u00e4tzen zu verstehen. Um zu erkennen, wie \u00e4hnlich unsere Probleme als Lohnarbeitende doch sind, hier in Leipzig wie auch auf der ganzen Welt, braucht es nur einen kleinen Schritt.<\/p>\n\n\n\n<h2 class=\"wp-block-heading\">Die FAU und die DGB-Gewerkschaften<\/h2>\n\n\n\n<p>Warum macht es mehr Sinn, sich in der FAU zu organisieren als bei Ver.di, IG Metall oder einer anderen DGB-Gewerkschaft?<\/p>\n\n\n\n<p>Unser grundlegendes Prinzip ist die Selbstorganisation. Die FAU ist organisiert&nbsp;als Basisgewerkschaft. Das bedeutet: Bei uns entscheidet die Basis. Das sind alle Mitglieder gemeinsam. Anders als bei DGB-Gewerkschaften gibt es bei uns keine&nbsp;hierarchische Struktur von Funktion\u00e4r_innen, die ein pers\u00f6nliches Interesse daran haben, der Polizei, staatlichen Beh\u00f6rden oder anderen kapitalistischen Gewerkschaften&nbsp;zuzuarbeiten oder Vereinbarungen mit den Unternehmen zu befolgen.<\/p>\n\n\n\n<p>Wenn unsere Mitglieder in einem Konflikt aktiv werden, nennen wir das \u201edirekte Aktion\u201c, weil es keine Zwischeninstanz gibt, die ein Interesse daran hat, die Wut der Besch\u00e4ftigten abzudeckeln, damit ihre eigene Position und die guten Beziehungen ihrer Gewerkschaft mit Beh\u00f6rden und Unternehmen nicht gef\u00e4hrdet werden.<\/p>\n\n\n\n<p>Die Unterst\u00fctzung, die du in der FAU erh\u00e4ltst, kommt von anderen Lohnarbeitenden wie dir. Wir organisieren nicht K\u00e4mpfe f\u00fcr dich, sondern mit dir.<\/p>\n\n\n\n<p>Als FAU-Mitglied entscheidest du, wie mit den Problemen auf deiner Arbeit umgegangen werden soll, und welche Unterst\u00fctzung du dabei brauchst. Anders als bei den DGB-Gewerkschaften, die eher nur K\u00e4mpfe f\u00fchren, die sich finanziell oder politisch lohnen, gibt es keine Aktion, die zu klein oder zu gro\u00df f\u00fcr die FAU ist. Wir haben keine bezahlten Funktion\u00e4re, keine h\u00f6heren Komitees, keine Autorit\u00e4tspersonen von denen wir abh\u00e4ngig sind: Wir bauen auf die gegenseitige Solidarit\u00e4t unserer Mitglieder. Wir treffen alle Entscheidungen gemeinsam. Wir setzen dich nicht unter Druck, an deinem Arbeitsplatz eine militante Konfrontation zu er\u00f6ffnen, aber wir bieten auch keine Dienstleistungen f\u00fcr Einzelpersonen. In einer selbstorganisierten Gewerkschaft bist du die Gewerkschaft, und die Gewerkschaft ist nur so stark wie ihre Mitglieder.<\/p>\n\n\n\n<p>Die FAU k\u00e4mpft, um die Rechte zu verteidigen, die die Arbeiterklasse gewonnen hat, und gleichzeitig treiben wir die Entwicklung einer k\u00e4mpferischen Arbeiter_innen-bewegung vorw\u00e4rts. F\u00fcr eine Zukunft mit einer auf Solidarit\u00e4t und Selbstverwaltung basierenden Wirtschaftsordnung.<\/p>\n\n\n\n<h2 class=\"wp-block-heading\">Eine k\u00e4mpferische Gewerkschaft<\/h2>\n\n\n\n<p>Wir sind eine junge und dynamische Gewerkschaft. Wir versuchen aktiv, die Zust\u00e4nde zu ver\u00e4ndern. Es gibt f\u00fcr uns keine Trennung zwischen Studierenden, Erwerbslosen, Selbstst\u00e4ndigen, Voll- und Teilzeitbesch\u00e4ftigten. Alle sind willkommen, weil wir alle vor denselben Problemen stehen.<\/p>\n\n\n\n<p>Wir wollen dich ermutigen, deinen Arbeitsplatz zu beobachten: Kennst du, kennen deine Kolleg_innen eigentlich eure Rechte? Welche Probleme gibt es? Was braucht ihr, um diese zu l\u00f6sen?<\/p>\n\n\n\n<p>Um dar\u00fcber \u00fcberhaupt ins Gespr\u00e4ch zu kommen, macht es Sinn, sich kollektiv am Arbeitsplatz zu organisieren und sich kritisch mit der Arbeitswelt und unseren Rollen darin auseinanderzusetzen. Nur wenn wir uns gemeinsam organisieren und mit direkten Aktionen Widerstand leisten, k\u00f6nnen wir beginnen, eine positive Ver\u00e4nderung an unseren Arbeitspl\u00e4tzen und in unserem Leben zu erreichen.<\/p>\n","protected":false},"excerpt":{"rendered":"<p>Wer wir sind und warum wir tun, was wir tun Viele von uns haben Erfahrungen mit schlechten Arbeitsbedingungen. Viele von<\/p>\n","protected":false},"author":1,"featured_media":0,"parent":0,"menu_order":0,"comment_status":"closed","ping_status":"closed","template":"","meta":{"footnotes":""},"class_list":["post-22","page","type-page","status-publish","hentry"],"_links":{"self":[{"href":"https:\/\/flensburg.fau.org\/index.php?rest_route=\/wp\/v2\/pages\/22","targetHints":{"allow":["GET"]}}],"collection":[{"href":"https:\/\/flensburg.fau.org\/index.php?rest_route=\/wp\/v2\/pages"}],"about":[{"href":"https:\/\/flensburg.fau.org\/index.php?rest_route=\/wp\/v2\/types\/page"}],"author":[{"embeddable":true,"href":"https:\/\/flensburg.fau.org\/index.php?rest_route=\/wp\/v2\/users\/1"}],"replies":[{"embeddable":true,"href":"https:\/\/flensburg.fau.org\/index.php?rest_route=%2Fwp%2Fv2%2Fcomments&post=22"}],"version-history":[{"count":1,"href":"https:\/\/flensburg.fau.org\/index.php?rest_route=\/wp\/v2\/pages\/22\/revisions"}],"predecessor-version":[{"id":23,"href":"https:\/\/flensburg.fau.org\/index.php?rest_route=\/wp\/v2\/pages\/22\/revisions\/23"}],"wp:attachment":[{"href":"https:\/\/flensburg.fau.org\/index.php?rest_route=%2Fwp%2Fv2%2Fmedia&parent=22"}],"curies":[{"name":"wp","href":"https:\/\/api.w.org\/{rel}","templated":true}]}}